{"id":9714,"date":"2024-03-03T23:14:14","date_gmt":"2024-03-03T22:14:14","guid":{"rendered":"https:\/\/drugagimnazija.hr\/?page_id=9714"},"modified":"2025-10-15T08:19:30","modified_gmt":"2025-10-15T06:19:30","slug":"obavijesti","status":"publish","type":"page","link":"https:\/\/drugagimnazija.hr\/?page_id=9714","title":{"rendered":"Obavijesti"},"content":{"rendered":"\n<p><strong>NADLE\u017dNI \u0160KOLSKI LIJE\u010cNIK<\/strong><\/p>\n\n\n\n<p>Dr. Silvana Stipanovi\u0107, specijalist \u0161kolske medicine <br>silvana.stipanovic@nzjz-split.hr<br>Trg hrvatske bratske zajednice 7, Split<br>\u0160kolska poliklinika<br>Kontakt: 021\/480 304<\/p>\n\n\n\n<hr class=\"wp-block-separator has-alpha-channel-opacity is-style-dots\"\/>\n\n\n\n<p><strong>POPIS ODABRANIH UD\u017dBENIKA ZA \u0160K. GOD. 2025.\/26.<\/strong><\/p>\n\n\n\n<p><a href=\"https:\/\/drugagimnazija.hr\/wp-content\/uploads\/2025\/08\/Odabrani-udzbenici-od-1.-do-4.-razreda-25-26-1.pdf\" class=\"mtli_attachment mtli_pdf\">Popis odabranih ud\u017ebenika za \u0161k. god. 2025.\/2026.<\/a><\/p>\n\n\n\n<p><a href=\"http:\/\/web2.gimnazija-druga-st.skole.hr\/upload\/gimnazija-druga-st\/images\/static3\/944\/File\/Odluka%20o%20odabiru%20ud%C5%BEbenika%20povijesti.pdf\" class=\"mtli_attachment mtli_pdf\">Odluka o odabiru ud\u017ebenika povijesti<\/a><\/p>\n\n\n\n<p><\/p>\n\n\n\n<hr class=\"wp-block-separator has-alpha-channel-opacity is-style-dots\"\/>\n\n\n\n<p><strong>POTVRDE ZA U\u010cENIKE IZ E-MATICE<\/strong><\/p>\n\n\n\n<p>Dragi u\u010denici,<\/p>\n\n\n\n<p>svoje potvrde o statusu redovnoga u\u010denika mo\u017eete preuzeti i elektroni\u010dkim putem preko sustava za izdavanje potvrda na poveznici https:\/\/potvrde.skole.hr\/login koji podatke o u\u010denicima preuzima iz e-Matice.<\/p>\n\n\n\n<p>U sustav se mo\u017eete prijaviti svojim AAI@Edu.hr identitetom (podaci kojima ulazite u e-Dnevnik). Nakon prijave u sustav, u padaju\u0107em izborniku mogu\u0107e je izabrati svrhu potvrde. Ovako izdane potvrde mogu se spremiti na ra\u010dunalo, slati elektroni\u010dkim putem ili ispisivati, ovisno o potrebama.<\/p>\n\n\n\n<hr class=\"wp-block-separator has-alpha-channel-opacity is-style-dots\"\/>\n\n\n\n<p><strong>POTVRDE ZA U\u010cENIKE IZ E-DNEVNIKA<\/strong><\/p>\n\n\n\n<p>U\u010denici i roditelji mogu iz e-Dnevnika preuzeti i ispisati potvrde o \u0161kolovanju u\u010denika koje mogu koristiti za ostvarivanje prava u\u010denika na prijevoz, dje\u010dji doplatak, stipendiranje, sezonski rad\u2026 <br>Upute o preuzimanju potvrde mo\u017eete prona\u0107i na 20. stranici priru\u010dnika e-Dnevnik za u\u010denike i roditelje!<\/p>\n\n\n\n<hr class=\"wp-block-separator has-alpha-channel-opacity is-style-dots\"\/>\n\n\n\n<p><\/p>\n","protected":false},"excerpt":{"rendered":"<p>NADLE\u017dNI \u0160KOLSKI LIJE\u010cNIK Dr. Silvana Stipanovi\u0107, specijalist \u0161kolske medicine silvana.stipanovic@nzjz-split.hrTrg hrvatske bratske zajednice 7, Split\u0160kolska poliklinikaKontakt: 021\/480 304 POPIS ODABRANIH [&hellip;]<\/p>\n","protected":false},"author":1,"featured_media":0,"parent":0,"menu_order":0,"comment_status":"closed","ping_status":"closed","template":"","meta":{"cybocfi_hide_featured_image":"","footnotes":""},"class_list":["post-9714","page","type-page","status-publish","hentry"],"_links":{"self":[{"href":"https:\/\/drugagimnazija.hr\/index.php?rest_route=\/wp\/v2\/pages\/9714","targetHints":{"allow":["GET"]}}],"collection":[{"href":"https:\/\/drugagimnazija.hr\/index.php?rest_route=\/wp\/v2\/pages"}],"about":[{"href":"https:\/\/drugagimnazija.hr\/index.php?rest_route=\/wp\/v2\/types\/page"}],"author":[{"embeddable":true,"href":"https:\/\/drugagimnazija.hr\/index.php?rest_route=\/wp\/v2\/users\/1"}],"replies":[{"embeddable":true,"href":"https:\/\/drugagimnazija.hr\/index.php?rest_route=%2Fwp%2Fv2%2Fcomments&post=9714"}],"version-history":[{"count":5,"href":"https:\/\/drugagimnazija.hr\/index.php?rest_route=\/wp\/v2\/pages\/9714\/revisions"}],"predecessor-version":[{"id":12387,"href":"https:\/\/drugagimnazija.hr\/index.php?rest_route=\/wp\/v2\/pages\/9714\/revisions\/12387"}],"wp:attachment":[{"href":"https:\/\/drugagimnazija.hr\/index.php?rest_route=%2Fwp%2Fv2%2Fmedia&parent=9714"}],"curies":[{"name":"wp","href":"https:\/\/api.w.org\/{rel}","templated":true}]}}