{"id":7314,"date":"2024-01-08T02:45:54","date_gmt":"2024-01-08T02:45:54","guid":{"rendered":"https:\/\/drugagimnazija.hr\/?page_id=7314"},"modified":"2026-02-02T08:37:29","modified_gmt":"2026-02-02T07:37:29","slug":"strucna-sluzba","status":"publish","type":"page","link":"https:\/\/drugagimnazija.hr\/?page_id=7314","title":{"rendered":"Stru\u010dna slu\u017eba"},"content":{"rendered":"\n<p><strong>STRU\u010cNA SLU\u017dBA<\/strong><\/p>\n\n\n\n<p>Antonela Mrsi\u0107, pedagoginja &#8211; <mark style=\"background-color:rgba(0, 0, 0, 0)\" class=\"has-inline-color has-vivid-cyan-blue-color\">antonela.mrsic@skole.hr<\/mark><\/p>\n\n\n\n<p>Dora Mik\u0161i\u0107, psihologinja &#8211; <mark style=\"background-color:rgba(0, 0, 0, 0)\" class=\"has-inline-color has-vivid-cyan-blue-color\">dora.miksic@skole.hr<\/mark><\/p>\n\n\n\n<p>Ana Krajinovi\u0107, knji\u017eni\u010darka &#8211; <mark style=\"background-color:rgba(0, 0, 0, 0)\" class=\"has-inline-color has-vivid-cyan-blue-color\">ana.2.gimn@gmail.com<\/mark><\/p>\n\n\n\n<p><\/p>\n","protected":false},"excerpt":{"rendered":"<p>STRU\u010cNA SLU\u017dBA Antonela Mrsi\u0107, pedagoginja &#8211; antonela.mrsic@skole.hr Dora Mik\u0161i\u0107, psihologinja &#8211; dora.miksic@skole.hr Ana Krajinovi\u0107, knji\u017eni\u010darka &#8211; ana.2.gimn@gmail.com<\/p>\n","protected":false},"author":1,"featured_media":0,"parent":0,"menu_order":0,"comment_status":"closed","ping_status":"closed","template":"","meta":{"cybocfi_hide_featured_image":"","footnotes":""},"class_list":["post-7314","page","type-page","status-publish","hentry"],"_links":{"self":[{"href":"https:\/\/drugagimnazija.hr\/index.php?rest_route=\/wp\/v2\/pages\/7314","targetHints":{"allow":["GET"]}}],"collection":[{"href":"https:\/\/drugagimnazija.hr\/index.php?rest_route=\/wp\/v2\/pages"}],"about":[{"href":"https:\/\/drugagimnazija.hr\/index.php?rest_route=\/wp\/v2\/types\/page"}],"author":[{"embeddable":true,"href":"https:\/\/drugagimnazija.hr\/index.php?rest_route=\/wp\/v2\/users\/1"}],"replies":[{"embeddable":true,"href":"https:\/\/drugagimnazija.hr\/index.php?rest_route=%2Fwp%2Fv2%2Fcomments&post=7314"}],"version-history":[{"count":4,"href":"https:\/\/drugagimnazija.hr\/index.php?rest_route=\/wp\/v2\/pages\/7314\/revisions"}],"predecessor-version":[{"id":12786,"href":"https:\/\/drugagimnazija.hr\/index.php?rest_route=\/wp\/v2\/pages\/7314\/revisions\/12786"}],"wp:attachment":[{"href":"https:\/\/drugagimnazija.hr\/index.php?rest_route=%2Fwp%2Fv2%2Fmedia&parent=7314"}],"curies":[{"name":"wp","href":"https:\/\/api.w.org\/{rel}","templated":true}]}}