{"id":7234,"date":"2023-11-08T03:15:13","date_gmt":"2023-11-08T03:15:13","guid":{"rendered":"https:\/\/drugagimnazija.hr\/?page_id=7234"},"modified":"2024-01-28T03:42:10","modified_gmt":"2024-01-28T02:42:10","slug":"informacijski-escape-room","status":"publish","type":"page","link":"https:\/\/drugagimnazija.hr\/?page_id=7234","title":{"rendered":"Informacijski escape room"},"content":{"rendered":"\n<p>Igra se sastoji od tra\u017eenja rje\u0161enja odre\u0111enog problema svladavanjem niza logi\u010dki povezanih zagonetki i zadataka, razbijanjem kodova, tra\u017eenjem tragova, otkrivanjem \u0161ifri u zadanom vremenu i sl.Ova igra od sudionika (preporu\u010deni su timovi do 5 igra\u010da) zahtijeva timski rad, komunikaciju, toleranciju te primjenu znanja i logike. Prilago\u0111ena <em>escape room<\/em> igra u nastavi sadr\u017ei zadatke povezane sa sadr\u017eajima iz HJ i knji\u017eni\u010dno-informacijskog obrazovanja.<\/p>\n\n\n\n<p><strong>Voditelji:<\/strong> Ana Krajinovi\u0107, knji\u017eni\u010darka, Robert Aralica, prof.<\/p>\n","protected":false},"excerpt":{"rendered":"<p>Igra se sastoji od tra\u017eenja rje\u0161enja odre\u0111enog problema svladavanjem niza logi\u010dki povezanih zagonetki i zadataka, razbijanjem kodova, tra\u017eenjem tragova, otkrivanjem [&hellip;]<\/p>\n","protected":false},"author":1,"featured_media":0,"parent":0,"menu_order":0,"comment_status":"closed","ping_status":"closed","template":"","meta":{"cybocfi_hide_featured_image":"","footnotes":""},"class_list":["post-7234","page","type-page","status-publish","hentry"],"_links":{"self":[{"href":"https:\/\/drugagimnazija.hr\/index.php?rest_route=\/wp\/v2\/pages\/7234","targetHints":{"allow":["GET"]}}],"collection":[{"href":"https:\/\/drugagimnazija.hr\/index.php?rest_route=\/wp\/v2\/pages"}],"about":[{"href":"https:\/\/drugagimnazija.hr\/index.php?rest_route=\/wp\/v2\/types\/page"}],"author":[{"embeddable":true,"href":"https:\/\/drugagimnazija.hr\/index.php?rest_route=\/wp\/v2\/users\/1"}],"replies":[{"embeddable":true,"href":"https:\/\/drugagimnazija.hr\/index.php?rest_route=%2Fwp%2Fv2%2Fcomments&post=7234"}],"version-history":[{"count":5,"href":"https:\/\/drugagimnazija.hr\/index.php?rest_route=\/wp\/v2\/pages\/7234\/revisions"}],"predecessor-version":[{"id":9157,"href":"https:\/\/drugagimnazija.hr\/index.php?rest_route=\/wp\/v2\/pages\/7234\/revisions\/9157"}],"wp:attachment":[{"href":"https:\/\/drugagimnazija.hr\/index.php?rest_route=%2Fwp%2Fv2%2Fmedia&parent=7234"}],"curies":[{"name":"wp","href":"https:\/\/api.w.org\/{rel}","templated":true}]}}