{"id":7230,"date":"2023-11-08T03:14:19","date_gmt":"2023-11-08T03:14:19","guid":{"rendered":"https:\/\/drugagimnazija.hr\/?page_id=7230"},"modified":"2024-01-28T04:39:48","modified_gmt":"2024-01-28T03:39:48","slug":"obiljezavanje-vaznih-datuma","status":"publish","type":"page","link":"https:\/\/drugagimnazija.hr\/?page_id=7230","title":{"rendered":"Obilje\u017eavanje va\u017enih datuma"},"content":{"rendered":"\n<p>Prioritetno podru\u010dje: Obilje\u017eavanje va\u017enih datuma kroz godinu kroz aktivnosti u\u010denika.<br>Ciljevi Op\u0107i cilj: Razvijanje svijesti o va\u017enim datumima kod u\u010denika kako bi bili aktivni gra\u0111ani.<br>Specifi\u010dni ciljevi:<br>1.Razvoj svijesti za va\u017ene teme.<br>2.Razvijanje osje\u0107aja pripadnosti kod u\u010denika.<br>3.Razvoj socioemocionalnih vje\u0161tina kod u\u010denika.<\/p>\n\n\n\n<p>Voditelj: Antonela Mrsi\u0107, pedagoginja<\/p>\n","protected":false},"excerpt":{"rendered":"<p>Prioritetno podru\u010dje: Obilje\u017eavanje va\u017enih datuma kroz godinu kroz aktivnosti u\u010denika.Ciljevi Op\u0107i cilj: Razvijanje svijesti o va\u017enim datumima kod u\u010denika kako [&hellip;]<\/p>\n","protected":false},"author":1,"featured_media":0,"parent":0,"menu_order":0,"comment_status":"closed","ping_status":"closed","template":"","meta":{"cybocfi_hide_featured_image":"","footnotes":""},"class_list":["post-7230","page","type-page","status-publish","hentry"],"_links":{"self":[{"href":"https:\/\/drugagimnazija.hr\/index.php?rest_route=\/wp\/v2\/pages\/7230","targetHints":{"allow":["GET"]}}],"collection":[{"href":"https:\/\/drugagimnazija.hr\/index.php?rest_route=\/wp\/v2\/pages"}],"about":[{"href":"https:\/\/drugagimnazija.hr\/index.php?rest_route=\/wp\/v2\/types\/page"}],"author":[{"embeddable":true,"href":"https:\/\/drugagimnazija.hr\/index.php?rest_route=\/wp\/v2\/users\/1"}],"replies":[{"embeddable":true,"href":"https:\/\/drugagimnazija.hr\/index.php?rest_route=%2Fwp%2Fv2%2Fcomments&post=7230"}],"version-history":[{"count":5,"href":"https:\/\/drugagimnazija.hr\/index.php?rest_route=\/wp\/v2\/pages\/7230\/revisions"}],"predecessor-version":[{"id":9179,"href":"https:\/\/drugagimnazija.hr\/index.php?rest_route=\/wp\/v2\/pages\/7230\/revisions\/9179"}],"wp:attachment":[{"href":"https:\/\/drugagimnazija.hr\/index.php?rest_route=%2Fwp%2Fv2%2Fmedia&parent=7230"}],"curies":[{"name":"wp","href":"https:\/\/api.w.org\/{rel}","templated":true}]}}