{"id":7226,"date":"2023-11-08T03:12:59","date_gmt":"2023-11-08T03:12:59","guid":{"rendered":"https:\/\/drugagimnazija.hr\/?page_id=7226"},"modified":"2024-01-28T04:48:11","modified_gmt":"2024-01-28T03:48:11","slug":"mladi-mentori","status":"publish","type":"page","link":"https:\/\/drugagimnazija.hr\/?page_id=7226","title":{"rendered":"Mladi mentori"},"content":{"rendered":"\n<p>Prioritetno podru\u010dje: Razvoj vr\u0161nja\u010dke pomo\u0107i.<br>Ciljevi Op\u0107i cilj: Razviti kod u\u010denika empatiju za druge i potrebu za pomaganjem.<br>Specifi\u010dni ciljevi:<br>Potaknuti razvoj vje\u0161tina prezentacije i edukacije kod u\u010denika.<br>Potaknuti razvoj komunikacijskih vje\u0161tina kod u\u010denika.<br>Potaknuti razvoj me\u0111usobnih odnosa kod u\u010denika.<br>Potaknuti razvoj samoefikasnosti i samostalnosti kod u\u010denika.<\/p>\n\n\n\n<p>Voditelj: Antonela Mrsi\u0107, pedagoginja<\/p>\n","protected":false},"excerpt":{"rendered":"<p>Prioritetno podru\u010dje: Razvoj vr\u0161nja\u010dke pomo\u0107i.Ciljevi Op\u0107i cilj: Razviti kod u\u010denika empatiju za druge i potrebu za pomaganjem.Specifi\u010dni ciljevi:Potaknuti razvoj vje\u0161tina [&hellip;]<\/p>\n","protected":false},"author":1,"featured_media":0,"parent":0,"menu_order":0,"comment_status":"closed","ping_status":"closed","template":"","meta":{"cybocfi_hide_featured_image":"","footnotes":""},"class_list":["post-7226","page","type-page","status-publish","hentry"],"_links":{"self":[{"href":"https:\/\/drugagimnazija.hr\/index.php?rest_route=\/wp\/v2\/pages\/7226","targetHints":{"allow":["GET"]}}],"collection":[{"href":"https:\/\/drugagimnazija.hr\/index.php?rest_route=\/wp\/v2\/pages"}],"about":[{"href":"https:\/\/drugagimnazija.hr\/index.php?rest_route=\/wp\/v2\/types\/page"}],"author":[{"embeddable":true,"href":"https:\/\/drugagimnazija.hr\/index.php?rest_route=\/wp\/v2\/users\/1"}],"replies":[{"embeddable":true,"href":"https:\/\/drugagimnazija.hr\/index.php?rest_route=%2Fwp%2Fv2%2Fcomments&post=7226"}],"version-history":[{"count":5,"href":"https:\/\/drugagimnazija.hr\/index.php?rest_route=\/wp\/v2\/pages\/7226\/revisions"}],"predecessor-version":[{"id":9187,"href":"https:\/\/drugagimnazija.hr\/index.php?rest_route=\/wp\/v2\/pages\/7226\/revisions\/9187"}],"wp:attachment":[{"href":"https:\/\/drugagimnazija.hr\/index.php?rest_route=%2Fwp%2Fv2%2Fmedia&parent=7226"}],"curies":[{"name":"wp","href":"https:\/\/api.w.org\/{rel}","templated":true}]}}