{"id":7224,"date":"2023-11-08T03:12:34","date_gmt":"2023-11-08T03:12:34","guid":{"rendered":"https:\/\/drugagimnazija.hr\/?page_id=7224"},"modified":"2024-01-28T04:50:28","modified_gmt":"2024-01-28T03:50:28","slug":"skolski-kviz-opceg-znanja","status":"publish","type":"page","link":"https:\/\/drugagimnazija.hr\/?page_id=7224","title":{"rendered":"\u0160kolski kviz op\u0107eg znanja"},"content":{"rendered":"\n<p>Prioritetno podru\u010dje: Razvoj pozitivne privr\u017eenosti \u0161koli kroz zabavne sadr\u017eaje.<br>Ciljevi Op\u0107i: cilj je razvoj motivacije za u\u010denjem i stvaranje pozitivnoga i poticajnoga ozra\u010dja za u\u010denje kroz natjecateljsku atmosferu.<\/p>\n\n\n\n<p>Voditelj: Antonela Mrsi\u0107, pedagoginja i Ana Krajinovi\u0107, knji\u017eni\u010darka<\/p>\n","protected":false},"excerpt":{"rendered":"<p>Prioritetno podru\u010dje: Razvoj pozitivne privr\u017eenosti \u0161koli kroz zabavne sadr\u017eaje.Ciljevi Op\u0107i: cilj je razvoj motivacije za u\u010denjem i stvaranje pozitivnoga i [&hellip;]<\/p>\n","protected":false},"author":1,"featured_media":0,"parent":0,"menu_order":0,"comment_status":"closed","ping_status":"closed","template":"","meta":{"cybocfi_hide_featured_image":"","footnotes":""},"class_list":["post-7224","page","type-page","status-publish","hentry"],"_links":{"self":[{"href":"https:\/\/drugagimnazija.hr\/index.php?rest_route=\/wp\/v2\/pages\/7224","targetHints":{"allow":["GET"]}}],"collection":[{"href":"https:\/\/drugagimnazija.hr\/index.php?rest_route=\/wp\/v2\/pages"}],"about":[{"href":"https:\/\/drugagimnazija.hr\/index.php?rest_route=\/wp\/v2\/types\/page"}],"author":[{"embeddable":true,"href":"https:\/\/drugagimnazija.hr\/index.php?rest_route=\/wp\/v2\/users\/1"}],"replies":[{"embeddable":true,"href":"https:\/\/drugagimnazija.hr\/index.php?rest_route=%2Fwp%2Fv2%2Fcomments&post=7224"}],"version-history":[{"count":5,"href":"https:\/\/drugagimnazija.hr\/index.php?rest_route=\/wp\/v2\/pages\/7224\/revisions"}],"predecessor-version":[{"id":9191,"href":"https:\/\/drugagimnazija.hr\/index.php?rest_route=\/wp\/v2\/pages\/7224\/revisions\/9191"}],"wp:attachment":[{"href":"https:\/\/drugagimnazija.hr\/index.php?rest_route=%2Fwp%2Fv2%2Fmedia&parent=7224"}],"curies":[{"name":"wp","href":"https:\/\/api.w.org\/{rel}","templated":true}]}}