{"id":7218,"date":"2023-11-08T03:10:33","date_gmt":"2023-11-08T03:10:33","guid":{"rendered":"https:\/\/drugagimnazija.hr\/?page_id=7218"},"modified":"2024-01-29T04:55:20","modified_gmt":"2024-01-29T03:55:20","slug":"zdrav-za-pet","status":"publish","type":"page","link":"https:\/\/drugagimnazija.hr\/?page_id=7218","title":{"rendered":"Zdrav za pet"},"content":{"rendered":"\n<p>Prioritetno podru\u010dje: Prevencija ovisnosti i zlouporabe droge i rizi\u010dnih pona\u0161anja<br>Ciljevi &#8211; op\u0107i: <br>Prevencija ovisnosti te promocija prosocijalnog, preventivnog i za\u0161titnog djelovanja uz razvijanje socioemocionalnih vje\u0161tina kod djece i mladih.<br>Podizanje razine svijesti o opasnostima sredstava ovisnosti<br>Ja\u010danje uvjerenja o \u0161tetnosti zlouporabe droge i drugih sredstava ovisnosti<br>Razvijanje osje\u0107aja odgovornosti za djela po\u010dinjena protivno zakonskim odredbama.<br>Upoznavanje u\u010denika s kazneno pravnim odredbama, tj. pobuditi svijest da \u010dinjenje kaznenih djela i prekr\u0161aja povla\u010di za sobom sankcije.<br>Ciljevi &#8211; specifi\u010dni:<br>Pove\u0107anje razine znanja o \u0161tetnosti sredstava ovisnosti<br>Poticanje razine kriti\u010dkog razmi\u0161ljanja, prepoznavanja rizi\u010dnih situacija<br>Usvajanje znanja o primjeni policijskih ovlasti<\/p>\n\n\n\n<p>Voditelj: Antonela Mrsi\u0107, pedagoginja i Ante Radoja, policajac<\/p>\n","protected":false},"excerpt":{"rendered":"<p>Prioritetno podru\u010dje: Prevencija ovisnosti i zlouporabe droge i rizi\u010dnih pona\u0161anjaCiljevi &#8211; op\u0107i: Prevencija ovisnosti te promocija prosocijalnog, preventivnog i za\u0161titnog [&hellip;]<\/p>\n","protected":false},"author":1,"featured_media":0,"parent":0,"menu_order":0,"comment_status":"closed","ping_status":"closed","template":"","meta":{"cybocfi_hide_featured_image":"","footnotes":""},"class_list":["post-7218","page","type-page","status-publish","hentry"],"_links":{"self":[{"href":"https:\/\/drugagimnazija.hr\/index.php?rest_route=\/wp\/v2\/pages\/7218","targetHints":{"allow":["GET"]}}],"collection":[{"href":"https:\/\/drugagimnazija.hr\/index.php?rest_route=\/wp\/v2\/pages"}],"about":[{"href":"https:\/\/drugagimnazija.hr\/index.php?rest_route=\/wp\/v2\/types\/page"}],"author":[{"embeddable":true,"href":"https:\/\/drugagimnazija.hr\/index.php?rest_route=\/wp\/v2\/users\/1"}],"replies":[{"embeddable":true,"href":"https:\/\/drugagimnazija.hr\/index.php?rest_route=%2Fwp%2Fv2%2Fcomments&post=7218"}],"version-history":[{"count":5,"href":"https:\/\/drugagimnazija.hr\/index.php?rest_route=\/wp\/v2\/pages\/7218\/revisions"}],"predecessor-version":[{"id":9232,"href":"https:\/\/drugagimnazija.hr\/index.php?rest_route=\/wp\/v2\/pages\/7218\/revisions\/9232"}],"wp:attachment":[{"href":"https:\/\/drugagimnazija.hr\/index.php?rest_route=%2Fwp%2Fv2%2Fmedia&parent=7218"}],"curies":[{"name":"wp","href":"https:\/\/api.w.org\/{rel}","templated":true}]}}