{"id":7155,"date":"2023-11-08T02:07:15","date_gmt":"2023-11-08T02:07:15","guid":{"rendered":"https:\/\/drugagimnazija.hr\/?page_id=7155"},"modified":"2025-01-10T09:48:06","modified_gmt":"2025-01-10T08:48:06","slug":"latinski-jezik","status":"publish","type":"page","link":"https:\/\/drugagimnazija.hr\/?page_id=7155","title":{"rendered":"Latinski jezik"},"content":{"rendered":"\n<p>Prezentacije na\u0161ih u\u010denika predstavljaju interdisciplinarni pristup u u\u010denju latinskog jezika&#8230;<\/p>\n","protected":false},"excerpt":{"rendered":"<p>Prezentacije na\u0161ih u\u010denika predstavljaju interdisciplinarni pristup u u\u010denju latinskog jezika&#8230;<\/p>\n","protected":false},"author":1,"featured_media":0,"parent":0,"menu_order":0,"comment_status":"closed","ping_status":"closed","template":"","meta":{"cybocfi_hide_featured_image":"","footnotes":""},"class_list":["post-7155","page","type-page","status-publish","hentry"],"_links":{"self":[{"href":"https:\/\/drugagimnazija.hr\/index.php?rest_route=\/wp\/v2\/pages\/7155","targetHints":{"allow":["GET"]}}],"collection":[{"href":"https:\/\/drugagimnazija.hr\/index.php?rest_route=\/wp\/v2\/pages"}],"about":[{"href":"https:\/\/drugagimnazija.hr\/index.php?rest_route=\/wp\/v2\/types\/page"}],"author":[{"embeddable":true,"href":"https:\/\/drugagimnazija.hr\/index.php?rest_route=\/wp\/v2\/users\/1"}],"replies":[{"embeddable":true,"href":"https:\/\/drugagimnazija.hr\/index.php?rest_route=%2Fwp%2Fv2%2Fcomments&post=7155"}],"version-history":[{"count":5,"href":"https:\/\/drugagimnazija.hr\/index.php?rest_route=\/wp\/v2\/pages\/7155\/revisions"}],"predecessor-version":[{"id":11263,"href":"https:\/\/drugagimnazija.hr\/index.php?rest_route=\/wp\/v2\/pages\/7155\/revisions\/11263"}],"wp:attachment":[{"href":"https:\/\/drugagimnazija.hr\/index.php?rest_route=%2Fwp%2Fv2%2Fmedia&parent=7155"}],"curies":[{"name":"wp","href":"https:\/\/api.w.org\/{rel}","templated":true}]}}